{"id":89,"date":"2020-11-20T16:16:01","date_gmt":"2020-11-20T15:16:01","guid":{"rendered":"http:\/\/set-up-your-business-adventskalender.de\/?page_id=89"},"modified":"2024-10-24T00:15:03","modified_gmt":"2024-10-23T22:15:03","slug":"impressum","status":"publish","type":"page","link":"https:\/\/set-up-your-business-adventskalender.de\/nikolaus-bundle\/impressum\/","title":{"rendered":"impressum"},"content":{"rendered":"\t\t<div data-elementor-type=\"wp-page\" data-elementor-id=\"89\" class=\"elementor elementor-89\" data-elementor-settings=\"[]\">\n\t\t\t\t\t\t<div class=\"elementor-inner\">\n\t\t\t\t\t\t\t<div class=\"elementor-section-wrap\">\n\t\t\t\t\t\t\t<section class=\"elementor-section elementor-top-section elementor-element elementor-element-62178729 elementor-section-boxed elementor-section-height-default elementor-section-height-default\" data-id=\"62178729\" data-element_type=\"section\">\n\t\t\t\t\t\t<div class=\"elementor-container elementor-column-gap-default\">\n\t\t\t\t\t\t\t<div class=\"elementor-row\">\n\t\t\t\t\t<div class=\"elementor-column elementor-col-100 elementor-top-column elementor-element elementor-element-4cd76ead\" data-id=\"4cd76ead\" data-element_type=\"column\">\n\t\t\t<div class=\"elementor-column-wrap elementor-element-populated\">\n\t\t\t\t\t\t\t<div class=\"elementor-widget-wrap\">\n\t\t\t\t\t\t<div class=\"elementor-element elementor-element-7bf99928 elementor-widget elementor-widget-image\" data-id=\"7bf99928\" data-element_type=\"widget\" data-widget_type=\"image.default\">\n\t\t\t\t<div class=\"elementor-widget-container\">\n\t\t\t\t\t\t\t\t<div class=\"elementor-image\">\n\t\t\t\t\t\t\t\t\t\t\t\t<img decoding=\"async\" width=\"800\" height=\"305\" src=\"https:\/\/set-up-your-business-adventskalender.de\/wp-content\/uploads\/2021\/10\/Adventskalender-Header-1024x390.png\" class=\"attachment-large size-large\" alt=\"\" loading=\"lazy\" srcset=\"https:\/\/set-up-your-business-adventskalender.de\/wp-content\/uploads\/2021\/10\/Adventskalender-Header-1024x390.png 1024w, https:\/\/set-up-your-business-adventskalender.de\/wp-content\/uploads\/2021\/10\/Adventskalender-Header-300x114.png 300w, https:\/\/set-up-your-business-adventskalender.de\/wp-content\/uploads\/2021\/10\/Adventskalender-Header-768x292.png 768w, https:\/\/set-up-your-business-adventskalender.de\/wp-content\/uploads\/2021\/10\/Adventskalender-Header-1536x584.png 1536w, https:\/\/set-up-your-business-adventskalender.de\/wp-content\/uploads\/2021\/10\/Adventskalender-Header-2048x779.png 2048w\" sizes=\"(max-width: 800px) 100vw, 800px\" \/>\t\t\t\t\t\t\t\t\t\t\t\t\t\t<\/div>\n\t\t\t\t\t\t<\/div>\n\t\t\t\t<\/div>\n\t\t\t\t\t\t<\/div>\n\t\t\t\t\t<\/div>\n\t\t<\/div>\n\t\t\t\t\t\t\t\t<\/div>\n\t\t\t\t\t<\/div>\n\t\t<\/section>\n\t\t\t\t<section class=\"elementor-section elementor-top-section elementor-element elementor-element-66ad022 elementor-section-boxed elementor-section-height-default elementor-section-height-default\" data-id=\"66ad022\" data-element_type=\"section\">\n\t\t\t\t\t\t<div class=\"elementor-container elementor-column-gap-default\">\n\t\t\t\t\t\t\t<div class=\"elementor-row\">\n\t\t\t\t\t<div class=\"elementor-column elementor-col-100 elementor-top-column elementor-element elementor-element-24eed100\" data-id=\"24eed100\" data-element_type=\"column\">\n\t\t\t<div class=\"elementor-column-wrap elementor-element-populated\">\n\t\t\t\t\t\t\t<div class=\"elementor-widget-wrap\">\n\t\t\t\t\t\t<div class=\"elementor-element elementor-element-5690ca44 elementor-widget elementor-widget-spacer\" data-id=\"5690ca44\" data-element_type=\"widget\" data-widget_type=\"spacer.default\">\n\t\t\t\t<div class=\"elementor-widget-container\">\n\t\t\t\t\t<div class=\"elementor-spacer\">\n\t\t\t<div class=\"elementor-spacer-inner\"><\/div>\n\t\t<\/div>\n\t\t\t\t<\/div>\n\t\t\t\t<\/div>\n\t\t\t\t\t\t<\/div>\n\t\t\t\t\t<\/div>\n\t\t<\/div>\n\t\t\t\t\t\t\t\t<\/div>\n\t\t\t\t\t<\/div>\n\t\t<\/section>\n\t\t\t\t<section class=\"elementor-section elementor-top-section elementor-element elementor-element-56d277ed elementor-section-boxed elementor-section-height-default elementor-section-height-default\" data-id=\"56d277ed\" data-element_type=\"section\">\n\t\t\t\t\t\t<div class=\"elementor-container elementor-column-gap-default\">\n\t\t\t\t\t\t\t<div class=\"elementor-row\">\n\t\t\t\t\t<div class=\"elementor-column elementor-col-100 elementor-top-column elementor-element elementor-element-5e220c59\" data-id=\"5e220c59\" data-element_type=\"column\">\n\t\t\t<div class=\"elementor-column-wrap elementor-element-populated\">\n\t\t\t\t\t\t\t<div class=\"elementor-widget-wrap\">\n\t\t\t\t\t\t<div class=\"elementor-element elementor-element-50126c41 elementor-widget elementor-widget-text-editor\" data-id=\"50126c41\" data-element_type=\"widget\" data-widget_type=\"text-editor.default\">\n\t\t\t\t<div class=\"elementor-widget-container\">\n\t\t\t\t\t\t\t\t<div class=\"elementor-text-editor elementor-clearfix\">\n\t\t\t\t<h1>Impressum<\/h1><h2 id=\"m46\">Diensteanbieter<\/h2><p>Suelutions &#8211; Virtuelle Assistenz<\/p><p>Sue (Suzan) Jensen<\/p><p>Herrenweide 13<\/p><p>Hamburg<\/p><p>Deutschland<\/p><h2 id=\"m56\">Kontaktm\u00f6glichkeiten<\/h2><p><strong>E-Mail-Adresse:<\/strong> <a href=\"mailto:moin@suelutions.de\">moin@suelutions.de<\/a><\/p><h2 id=\"m58\">Angaben zum Unternehmen<\/h2><p><strong>Gesch\u00e4ftsbereich:<\/strong> Online Marketing, Website Gestaltung und design<\/p><h2 id=\"m174\">Online-Streitbeilegung (OS)<\/h2><p>Online-Streitbeilegung: Die Europ\u00e4ische Kommission stellt eine Plattform zur Online-Streitbeilegung (OS) bereit, die Sie unter <a href=\"https:\/\/ec.europa.eu\/consumers\/odr\/\" target=\"_blank\" rel=\"noopener\">https:\/\/ec.europa.eu\/consumers\/odr\/<\/a> finden. Verbraucher haben die M\u00f6glichkeit, diese Plattform f\u00fcr die Beilegung ihrer Streitigkeiten zu nutzen.<\/p><h2 id=\"m175\">Streitbeilegung vor einer Verbraucherschlichtungsstelle<\/h2><p><strong>Angaben zur Teilnahme an der Verbraucherstreitschlichtung<\/strong>: Wir sind nicht bereit und nicht verpflichtet an einem Streitbeilegungsverfahren vor einer Verbraucherstreitschlichtungsstelle teilzunehmen.<\/p><h2 id=\"m172\">Social Media und andere Onlinepr\u00e4senzen<\/h2><p><strong>Dieses Impressum gilt auch f\u00fcr die folgenden Social-Media-Pr\u00e4senzen und Onlineprofile:<\/strong><\/p><p><a href=\"https:\/\/www.facebook.com\/Suelutions.officia\">https:\/\/www.facebook.com\/Suelutions.officia<\/a>l<\/p><p><a href=\"http:\/\/instagram.com\/suelutions.official\">http:\/\/instagram.com\/suelutions.official<\/a><\/p><p><a href=\"https:\/\/www.linkedin.com\/in\/suelutions-marketing\/\">https:\/\/www.linkedin.com\/in\/suelutions-marketing\/<\/a><\/p><p><a href=\"https:\/\/www.xing.com\/profile\/Suzan_Jensen\" target=\"_blank\" rel=\"noopener\">https:\/\/www.xing.com\/profile\/Suzan_Jensen<\/a><\/p><h2 id=\"m65\">Haftungs- und Schutzrechtshinweise<\/h2><p><strong>Haftungsausschluss<\/strong>: Die Inhalte dieses Onlineangebotes wurden sorgf\u00e4ltig und nach unserem aktuellen Kenntnisstand erstellt, dienen jedoch nur der Information und entfalten keine rechtlich bindende Wirkung, sofern es sich nicht um gesetzlich verpflichtende Informationen (z.B. das Impressum, die Datenschutzerkl\u00e4rung, AGB oder verpflichtende Belehrungen von Verbrauchern) handelt. Wir behalten uns vor, die Inhalte vollst\u00e4ndig oder teilweise zu \u00e4ndern oder zu l\u00f6schen, soweit vertragliche Verpflichtungen unber\u00fchrt bleiben. Alle Angebote sind freibleibend und unverbindlich.<\/p><p><strong>Links auf fremde Webseiten<\/strong>: Inhalte fremder Webseiten, auf die wir direkt oder indirekt verweisen, liegen au\u00dferhalb unseres Verantwortungsbereiches und machen wir uns nicht zu Eigen. F\u00fcr alle Inhalte und insbesondere f\u00fcr Sch\u00e4den, die aus der Nutzung der in den verlinkten Webseiten aufrufbaren Informationen entstehen, haftet allein der Anbieter der verlinkten Webseiten.<\/p><p><strong>Urheberrechte und Markenrechte<\/strong>: Alle auf dieser Website dargestellten Inhalte, wie Texte, Fotografien, Grafiken, Marken und Warenzeichen sind durch die jeweiligen Schutzrechte (Urheberrechte, Markenrechte) gesch\u00fctzt. Die Verwendung, Vervielf\u00e4ltigung usw. unterliegen unseren Rechten oder den Rechten der jeweiligen Urheber bzw. Rechteverwalter.<\/p><p><strong>Hinweise auf Rechtsverst\u00f6\u00dfe<\/strong>: Sollten Sie innerhalb unseres Internetauftritts Rechtsverst\u00f6\u00dfe bemerken, bitten wir Sie uns auf diese hinzuweisen. Wir werden rechtswidrige Inhalte und Links nach Kenntnisnahme unverz\u00fcglich entfernen.<\/p><h2 id=\"m169\">Bildnachweise<\/h2><p><strong>Bildquellen und Urheberrechtshinweise:<\/strong><\/p><p><a href=\"https:\/\/de.freepik.com\/\" target=\"_blank\" rel=\"noopener\">https:\/\/de.freepik.com\/<\/a><\/p><p class=\"seal\"><a title=\"Rechtstext von Dr. Schwenke - f\u00fcr weitere Informationen bitte anklicken.\" href=\"https:\/\/datenschutz-generator.de\/?l=de\" target=\"_blank\" rel=\"noopener noreferrer nofollow\">Erstellt mit kostenlosem Datenschutz-Generator.de von Dr. Thomas Schwenke<\/a><\/p>\t\t\t\t\t<\/div>\n\t\t\t\t\t\t<\/div>\n\t\t\t\t<\/div>\n\t\t\t\t\t\t<\/div>\n\t\t\t\t\t<\/div>\n\t\t<\/div>\n\t\t\t\t\t\t\t\t<\/div>\n\t\t\t\t\t<\/div>\n\t\t<\/section>\n\t\t\t\t<section class=\"elementor-section elementor-top-section elementor-element elementor-element-90d95d4 elementor-section-boxed elementor-section-height-default elementor-section-height-default\" data-id=\"90d95d4\" data-element_type=\"section\" data-settings=\"{&quot;background_background&quot;:&quot;classic&quot;}\">\n\t\t\t\t\t\t<div class=\"elementor-container elementor-column-gap-default\">\n\t\t\t\t\t\t\t<div class=\"elementor-row\">\n\t\t\t\t\t<div class=\"elementor-column elementor-col-50 elementor-top-column elementor-element elementor-element-dd1b54d\" data-id=\"dd1b54d\" data-element_type=\"column\">\n\t\t\t<div class=\"elementor-column-wrap elementor-element-populated\">\n\t\t\t\t\t\t\t<div class=\"elementor-widget-wrap\">\n\t\t\t\t\t\t<div class=\"elementor-element elementor-element-d0307d3 elementor-widget elementor-widget-text-editor\" data-id=\"d0307d3\" data-element_type=\"widget\" data-widget_type=\"text-editor.default\">\n\t\t\t\t<div class=\"elementor-widget-container\">\n\t\t\t\t\t\t\t\t<div class=\"elementor-text-editor elementor-clearfix\">\n\t\t\t\t<p>\u00a9 Copyright &#8211; Suelutions Virtuelle Assistenz\u00a0|\u00a0Sue Jensen<\/p>\t\t\t\t\t<\/div>\n\t\t\t\t\t\t<\/div>\n\t\t\t\t<\/div>\n\t\t\t\t\t\t<\/div>\n\t\t\t\t\t<\/div>\n\t\t<\/div>\n\t\t\t\t<div class=\"elementor-column elementor-col-50 elementor-top-column elementor-element elementor-element-78aa86e\" data-id=\"78aa86e\" data-element_type=\"column\">\n\t\t\t<div class=\"elementor-column-wrap elementor-element-populated\">\n\t\t\t\t\t\t\t<div class=\"elementor-widget-wrap\">\n\t\t\t\t\t\t<div class=\"elementor-element elementor-element-99d1e46 elementor-icon-list--layout-inline elementor-align-right elementor-list-item-link-full_width elementor-widget elementor-widget-icon-list\" data-id=\"99d1e46\" data-element_type=\"widget\" data-widget_type=\"icon-list.default\">\n\t\t\t\t<div class=\"elementor-widget-container\">\n\t\t\t\t\t<ul class=\"elementor-icon-list-items elementor-inline-items\">\n\t\t\t\t\t\t\t<li class=\"elementor-icon-list-item elementor-inline-item\">\n\t\t\t\t\t\t\t\t\t\t\t<a href=\"https:\/\/set-up-your-business-adventskalender.de\/impressum\">\n\n\t\t\t\t\t\t\t\t\t\t\t\t<span class=\"elementor-icon-list-icon\">\n\t\t\t\t\t\t\t<i aria-hidden=\"true\" class=\"far fa-list-alt\"><\/i>\t\t\t\t\t\t<\/span>\n\t\t\t\t\t\t\t\t\t\t<span class=\"elementor-icon-list-text\">Impressum<\/span>\n\t\t\t\t\t\t\t\t\t\t\t<\/a>\n\t\t\t\t\t\t\t\t\t<\/li>\n\t\t\t\t\t\t\t\t<li class=\"elementor-icon-list-item elementor-inline-item\">\n\t\t\t\t\t\t\t\t\t\t\t<a href=\"https:\/\/set-up-your-business-adventskalender.de\/datenschutz\">\n\n\t\t\t\t\t\t\t\t\t\t\t\t<span class=\"elementor-icon-list-icon\">\n\t\t\t\t\t\t\t<i aria-hidden=\"true\" class=\"fas fa-lock\"><\/i>\t\t\t\t\t\t<\/span>\n\t\t\t\t\t\t\t\t\t\t<span class=\"elementor-icon-list-text\">Datenschutz<\/span>\n\t\t\t\t\t\t\t\t\t\t\t<\/a>\n\t\t\t\t\t\t\t\t\t<\/li>\n\t\t\t\t\t\t<\/ul>\n\t\t\t\t<\/div>\n\t\t\t\t<\/div>\n\t\t\t\t\t\t<\/div>\n\t\t\t\t\t<\/div>\n\t\t<\/div>\n\t\t\t\t\t\t\t\t<\/div>\n\t\t\t\t\t<\/div>\n\t\t<\/section>\n\t\t\t\t\t\t<\/div>\n\t\t\t\t\t\t<\/div>\n\t\t\t\t\t<\/div>\n\t\t","protected":false},"excerpt":{"rendered":"<p>Impressum Diensteanbieter Suelutions &#8211; Virtuelle Assistenz Sue (Suzan) Jensen Herrenweide 13 Hamburg Deutschland Kontaktm\u00f6glichkeiten E-Mail-Adresse: moin@suelutions.de Angaben zum Unternehmen Gesch\u00e4ftsbereich: Online Marketing, Website Gestaltung und design Online-Streitbeilegung (OS) Online-Streitbeilegung: Die Europ\u00e4ische Kommission stellt eine Plattform zur Online-Streitbeilegung (OS) bereit, die Sie unter https:\/\/ec.europa.eu\/consumers\/odr\/ finden. Verbraucher haben die M\u00f6glichkeit, diese Plattform f\u00fcr die Beilegung ihrer Streitigkeiten [&hellip;]<\/p>\n","protected":false},"author":1,"featured_media":0,"parent":0,"menu_order":0,"comment_status":"closed","ping_status":"closed","template":"elementor_canvas","meta":[],"blog_post_layout_featured_media_urls":{"thumbnail":"","full":""},"categories_names":null,"comments_number":"0","_links":{"self":[{"href":"https:\/\/set-up-your-business-adventskalender.de\/nikolaus-bundle\/wp-json\/wp\/v2\/pages\/89"}],"collection":[{"href":"https:\/\/set-up-your-business-adventskalender.de\/nikolaus-bundle\/wp-json\/wp\/v2\/pages"}],"about":[{"href":"https:\/\/set-up-your-business-adventskalender.de\/nikolaus-bundle\/wp-json\/wp\/v2\/types\/page"}],"author":[{"embeddable":true,"href":"https:\/\/set-up-your-business-adventskalender.de\/nikolaus-bundle\/wp-json\/wp\/v2\/users\/1"}],"replies":[{"embeddable":true,"href":"https:\/\/set-up-your-business-adventskalender.de\/nikolaus-bundle\/wp-json\/wp\/v2\/comments?post=89"}],"version-history":[{"count":10,"href":"https:\/\/set-up-your-business-adventskalender.de\/nikolaus-bundle\/wp-json\/wp\/v2\/pages\/89\/revisions"}],"predecessor-version":[{"id":3976,"href":"https:\/\/set-up-your-business-adventskalender.de\/nikolaus-bundle\/wp-json\/wp\/v2\/pages\/89\/revisions\/3976"}],"wp:attachment":[{"href":"https:\/\/set-up-your-business-adventskalender.de\/nikolaus-bundle\/wp-json\/wp\/v2\/media?parent=89"}],"curies":[{"name":"wp","href":"https:\/\/api.w.org\/{rel}","templated":true}]}}